{"id":193,"date":"2023-08-09T10:48:14","date_gmt":"2023-08-09T14:48:14","guid":{"rendered":"https:\/\/fogliettaconstruction.com\/services\/"},"modified":"2023-12-04T13:05:55","modified_gmt":"2023-12-04T18:05:55","slug":"services","status":"publish","type":"page","link":"https:\/\/fogliettaconstruction.com\/fr\/services\/","title":{"rendered":"Services"},"content":{"rendered":"\t\t<div data-elementor-type=\"wp-page\" data-elementor-id=\"193\" class=\"elementor elementor-193 elementor-88\" data-elementor-post-type=\"page\">\n\t\t\t\t\t\t<section class=\"elementor-section elementor-top-section elementor-element elementor-element-a5442d3 elementor-section-height-min-height elementor-section-boxed elementor-section-height-default elementor-section-items-middle\" data-id=\"a5442d3\" data-element_type=\"section\" data-e-type=\"section\" data-settings=\"{&quot;background_background&quot;:&quot;video&quot;,&quot;background_video_link&quot;:&quot;http:\\\/\\\/cedricl18.sg-host.com\\\/wp-content\\\/uploads\\\/2023\\\/06\\\/man-hand-fixes-gypsum-plasterboard-lines-on-brick-LK4N3FJ.mov&quot;,&quot;background_play_on_mobile&quot;:&quot;yes&quot;}\">\n\t\t\t\t\t\t\t\t<div class=\"elementor-background-video-container\">\n\t\t\t\t\t\t\t\t\t\t\t\t\t<video class=\"elementor-background-video-hosted\" role=\"presentation\" autoplay muted playsinline loop><\/video>\n\t\t\t\t\t\t\t\t\t\t\t<\/div>\n\t\t\t\t\t\t\t\t\t<div class=\"elementor-background-overlay\"><\/div>\n\t\t\t\t\t\t\t<div class=\"elementor-container elementor-column-gap-default\">\n\t\t\t\t\t<div class=\"elementor-column elementor-col-100 elementor-top-column elementor-element elementor-element-48044ef\" data-id=\"48044ef\" data-element_type=\"column\" data-e-type=\"column\">\n\t\t\t<div class=\"elementor-widget-wrap elementor-element-populated\">\n\t\t\t\t\t\t<div class=\"elementor-element elementor-element-173717f elementor-widget elementor-widget-heading\" data-id=\"173717f\" data-element_type=\"widget\" data-e-type=\"widget\" data-widget_type=\"heading.default\">\n\t\t\t\t<div class=\"elementor-widget-container\">\n\t\t\t\t\t<h1 class=\"elementor-heading-title elementor-size-default\">Nos services<\/h1>\t\t\t\t<\/div>\n\t\t\t\t<\/div>\n\t\t\t\t<div class=\"elementor-element elementor-element-4a67f62 elementor-widget elementor-widget-heading\" data-id=\"4a67f62\" data-element_type=\"widget\" data-e-type=\"widget\" data-widget_type=\"heading.default\">\n\t\t\t\t<div class=\"elementor-widget-container\">\n\t\t\t\t\t<h4 class=\"elementor-heading-title elementor-size-default\">R\u00e9sidentiel, Commercial, Industriel<\/h4>\t\t\t\t<\/div>\n\t\t\t\t<\/div>\n\t\t\t\t\t<\/div>\n\t\t<\/div>\n\t\t\t\t\t<\/div>\n\t\t<\/section>\n\t\t\t\t<section class=\"elementor-section elementor-top-section elementor-element elementor-element-83ff6d9 elementor-reverse-mobile elementor-section-boxed elementor-section-height-default elementor-section-height-default\" data-id=\"83ff6d9\" data-element_type=\"section\" data-e-type=\"section\">\n\t\t\t\t\t\t<div class=\"elementor-container elementor-column-gap-default\">\n\t\t\t\t\t<div class=\"elementor-column elementor-col-25 elementor-top-column elementor-element elementor-element-476d638\" data-id=\"476d638\" data-element_type=\"column\" data-e-type=\"column\" data-settings=\"{&quot;background_background&quot;:&quot;classic&quot;}\">\n\t\t\t<div class=\"elementor-widget-wrap elementor-element-populated\">\n\t\t\t\t\t\t<div class=\"elementor-element elementor-element-23cd21c elementor-widget elementor-widget-image\" data-id=\"23cd21c\" data-element_type=\"widget\" data-e-type=\"widget\" data-widget_type=\"image.default\">\n\t\t\t\t<div class=\"elementor-widget-container\">\n\t\t\t\t\t\t\t\t\t\t\t\t\t\t\t<img fetchpriority=\"high\" decoding=\"async\" width=\"683\" height=\"1024\" src=\"https:\/\/fogliettaconstruction.com\/wp-content\/uploads\/2023\/08\/commercial-1-683x1024.png\" class=\"attachment-large size-large wp-image-173\" alt=\"\" srcset=\"https:\/\/fogliettaconstruction.com\/wp-content\/uploads\/2023\/08\/commercial-1-683x1024.png 683w, https:\/\/fogliettaconstruction.com\/wp-content\/uploads\/2023\/08\/commercial-1-200x300.png 200w, https:\/\/fogliettaconstruction.com\/wp-content\/uploads\/2023\/08\/commercial-1-768x1152.png 768w, https:\/\/fogliettaconstruction.com\/wp-content\/uploads\/2023\/08\/commercial-1-1024x1536.png 1024w, https:\/\/fogliettaconstruction.com\/wp-content\/uploads\/2023\/08\/commercial-1-1366x2048.png 1366w, https:\/\/fogliettaconstruction.com\/wp-content\/uploads\/2023\/08\/commercial-1.png 1707w\" sizes=\"(max-width: 683px) 100vw, 683px\" \/>\t\t\t\t\t\t\t\t\t\t\t\t\t\t\t<\/div>\n\t\t\t\t<\/div>\n\t\t\t\t\t<\/div>\n\t\t<\/div>\n\t\t\t\t<div class=\"elementor-column elementor-col-25 elementor-top-column elementor-element elementor-element-e4067b0\" data-id=\"e4067b0\" data-element_type=\"column\" data-e-type=\"column\">\n\t\t\t<div class=\"elementor-widget-wrap elementor-element-populated\">\n\t\t\t\t\t\t<div class=\"elementor-element elementor-element-dc92343 elementor-widget elementor-widget-heading\" data-id=\"dc92343\" data-element_type=\"widget\" data-e-type=\"widget\" data-widget_type=\"heading.default\">\n\t\t\t\t<div class=\"elementor-widget-container\">\n\t\t\t\t\t<h2 class=\"elementor-heading-title elementor-size-default\">- Commercial -<\/h2>\t\t\t\t<\/div>\n\t\t\t\t<\/div>\n\t\t\t\t<div class=\"elementor-element elementor-element-9b26c14 elementor-widget elementor-widget-heading\" data-id=\"9b26c14\" data-element_type=\"widget\" data-e-type=\"widget\" data-widget_type=\"heading.default\">\n\t\t\t\t<div class=\"elementor-widget-container\">\n\t\t\t\t\t<h2 class=\"elementor-heading-title elementor-size-default\">- Industriel -<\/h2>\t\t\t\t<\/div>\n\t\t\t\t<\/div>\n\t\t\t\t<div class=\"elementor-element elementor-element-2fe4b2d elementor-widget elementor-widget-text-editor\" data-id=\"2fe4b2d\" data-element_type=\"widget\" data-e-type=\"widget\" data-widget_type=\"text-editor.default\">\n\t\t\t\t<div class=\"elementor-widget-container\">\n\t\t\t\t\t\t\t\t\t<ul>\n<li class=\"wixui-rich-text__text\">\n<p class=\"font_8 wixui-rich-text__text\"><span class=\"wixui-rich-text__text\">Au service des gestionnaires immobiliers commerciaux et d&rsquo;investissement<\/span><\/p>\n<\/li>\n<li class=\"wixui-rich-text__text\">\n<p class=\"font_8 wixui-rich-text__text\"><span class=\"wixui-rich-text__text\">\u00c9coles priv\u00e9es<\/span><\/p>\n<\/li>\n<li class=\"wixui-rich-text__text\">\n<p class=\"font_8 wixui-rich-text__text\"><span class=\"wixui-rich-text__text\">R\u00e9novations de bureaux<\/span><\/p>\n<\/li>\n<li class=\"wixui-rich-text__text\">\n<p class=\"font_8 wixui-rich-text__text\"><span class=\"wixui-rich-text__text\">Entretien et r\u00e9parations des b\u00e2timents<\/span><\/p>\n<\/li>\n<li class=\"wixui-rich-text__text\">\n<p class=\"font_8 wixui-rich-text__text\"><span class=\"wixui-rich-text__text\">R\u00e9novations g\u00e9n\u00e9rales<\/span><\/p>\n<\/li>\n<li class=\"wixui-rich-text__text\">\n<p class=\"font_8 wixui-rich-text__text\"><span class=\"wixui-rich-text__text\">Gestion de projet<\/span><\/p>\n<\/li>\n<\/ul>\n\t\t\t\t\t\t\t\t<\/div>\n\t\t\t\t<\/div>\n\t\t\t\t\t<\/div>\n\t\t<\/div>\n\t\t\t\t<div class=\"elementor-column elementor-col-25 elementor-top-column elementor-element elementor-element-ea7a76b\" data-id=\"ea7a76b\" data-element_type=\"column\" data-e-type=\"column\" data-settings=\"{&quot;background_background&quot;:&quot;classic&quot;}\">\n\t\t\t<div class=\"elementor-widget-wrap elementor-element-populated\">\n\t\t\t\t\t\t<div class=\"elementor-element elementor-element-6f35755 elementor-widget elementor-widget-image\" data-id=\"6f35755\" data-element_type=\"widget\" data-e-type=\"widget\" data-widget_type=\"image.default\">\n\t\t\t\t<div class=\"elementor-widget-container\">\n\t\t\t\t\t\t\t\t\t\t\t\t\t\t\t<img decoding=\"async\" width=\"683\" height=\"1024\" src=\"https:\/\/fogliettaconstruction.com\/wp-content\/uploads\/2023\/08\/0F2A1150-scaled-1-683x1024.jpg\" class=\"attachment-large size-large wp-image-174\" alt=\"\" srcset=\"https:\/\/fogliettaconstruction.com\/wp-content\/uploads\/2023\/08\/0F2A1150-scaled-1-683x1024.jpg 683w, https:\/\/fogliettaconstruction.com\/wp-content\/uploads\/2023\/08\/0F2A1150-scaled-1-200x300.jpg 200w, https:\/\/fogliettaconstruction.com\/wp-content\/uploads\/2023\/08\/0F2A1150-scaled-1-768x1152.jpg 768w, https:\/\/fogliettaconstruction.com\/wp-content\/uploads\/2023\/08\/0F2A1150-scaled-1-1024x1536.jpg 1024w, https:\/\/fogliettaconstruction.com\/wp-content\/uploads\/2023\/08\/0F2A1150-scaled-1-1366x2048.jpg 1366w, https:\/\/fogliettaconstruction.com\/wp-content\/uploads\/2023\/08\/0F2A1150-scaled-1.jpg 1707w\" sizes=\"(max-width: 683px) 100vw, 683px\" \/>\t\t\t\t\t\t\t\t\t\t\t\t\t\t\t<\/div>\n\t\t\t\t<\/div>\n\t\t\t\t\t<\/div>\n\t\t<\/div>\n\t\t\t\t<div class=\"elementor-column elementor-col-25 elementor-top-column elementor-element elementor-element-b5ebf66\" data-id=\"b5ebf66\" data-element_type=\"column\" data-e-type=\"column\">\n\t\t\t<div class=\"elementor-widget-wrap elementor-element-populated\">\n\t\t\t\t\t\t<div class=\"elementor-element elementor-element-3986e9c elementor-widget elementor-widget-heading\" data-id=\"3986e9c\" data-element_type=\"widget\" data-e-type=\"widget\" data-widget_type=\"heading.default\">\n\t\t\t\t<div class=\"elementor-widget-container\">\n\t\t\t\t\t<h2 class=\"elementor-heading-title elementor-size-default\">- R\u00e9sidentiel -<\/h2>\t\t\t\t<\/div>\n\t\t\t\t<\/div>\n\t\t\t\t<div class=\"elementor-element elementor-element-7bce93e elementor-widget elementor-widget-spacer\" data-id=\"7bce93e\" data-element_type=\"widget\" data-e-type=\"widget\" data-widget_type=\"spacer.default\">\n\t\t\t\t<div class=\"elementor-widget-container\">\n\t\t\t\t\t\t\t<div class=\"elementor-spacer\">\n\t\t\t<div class=\"elementor-spacer-inner\"><\/div>\n\t\t<\/div>\n\t\t\t\t\t\t<\/div>\n\t\t\t\t<\/div>\n\t\t\t\t<div class=\"elementor-element elementor-element-7076406 elementor-widget elementor-widget-text-editor\" data-id=\"7076406\" data-element_type=\"widget\" data-e-type=\"widget\" data-widget_type=\"text-editor.default\">\n\t\t\t\t<div class=\"elementor-widget-container\">\n\t\t\t\t\t\t\t\t\t<ul>\n<li class=\"wixui-rich-text__text\">\n<p class=\"font_8 wixui-rich-text__text\"><span class=\"wixui-rich-text__text\">R\u00e9novations compl\u00e8tes de la maison  <\/span><\/p>\n<\/li>\n<li class=\"wixui-rich-text__text\">\n<p class=\"font_8 wixui-rich-text__text\"><span class=\"wixui-rich-text__text\">Ajouts et extensions<\/span><\/p>\n<\/li>\n<li class=\"wixui-rich-text__text\">\n<p class=\"font_8 wixui-rich-text__text\"><span class=\"wixui-rich-text__text\">Gestion de projet  <\/span><\/p>\n<\/li>\n<li class=\"wixui-rich-text__text\">\n<p class=\"font_8 wixui-rich-text__text\"><span class=\"wixui-rich-text__text\">Cuisines  <\/span><\/p>\n<\/li>\n<li class=\"wixui-rich-text__text\">\n<p class=\"font_8 wixui-rich-text__text\"><span class=\"wixui-rich-text__text\">Salles de bains<\/span><span class=\"wixui-rich-text__text\">  <\/span><\/p>\n<\/li>\n<li class=\"wixui-rich-text__text\">\n<p class=\"font_8 wixui-rich-text__text\"><span class=\"wixui-rich-text__text\">Int\u00e9rieur et ext\u00e9rieur<\/span><\/p>\n<\/li>\n<\/ul>\n\t\t\t\t\t\t\t\t<\/div>\n\t\t\t\t<\/div>\n\t\t\t\t\t<\/div>\n\t\t<\/div>\n\t\t\t\t\t<\/div>\n\t\t<\/section>\n\t\t\t\t<section class=\"elementor-section elementor-top-section elementor-element elementor-element-54606dc elementor-section-boxed elementor-section-height-default elementor-section-height-default\" data-id=\"54606dc\" data-element_type=\"section\" data-e-type=\"section\">\n\t\t\t\t\t\t<div class=\"elementor-container elementor-column-gap-wider\">\n\t\t\t\t\t<div class=\"elementor-column elementor-col-50 elementor-top-column elementor-element elementor-element-4cde47b\" data-id=\"4cde47b\" data-element_type=\"column\" data-e-type=\"column\">\n\t\t\t<div class=\"elementor-widget-wrap elementor-element-populated\">\n\t\t\t\t\t\t<div class=\"elementor-element elementor-element-286c766 elementor-widget elementor-widget-heading\" data-id=\"286c766\" data-element_type=\"widget\" data-e-type=\"widget\" data-widget_type=\"heading.default\">\n\t\t\t\t<div class=\"elementor-widget-container\">\n\t\t\t\t\t<h2 class=\"elementor-heading-title elementor-size-default\">Services r\u00e9sidentiels&nbsp;:<\/h2>\t\t\t\t<\/div>\n\t\t\t\t<\/div>\n\t\t\t\t<div class=\"elementor-element elementor-element-74e3c02 elementor-widget elementor-widget-text-editor\" data-id=\"74e3c02\" data-element_type=\"widget\" data-e-type=\"widget\" data-widget_type=\"text-editor.default\">\n\t\t\t\t<div class=\"elementor-widget-container\">\n\t\t\t\t\t\t\t\t\t<p>Foglietta Construction se sp\u00e9cialise \u00e9galement dans l&rsquo;espace r\u00e9sidentiel o\u00f9 nous cherchons \u00e0 r\u00e9pondre aux objectifs de chaque client et \u00e0 donner vie \u00e0 ses visions. Ce faisant, nos services r\u00e9sidentiels comprennent la r\u00e9novation compl\u00e8te de la maison, le remodelage de la cuisine et de la salle de bain, les ajouts et extensions, les travaux int\u00e9rieurs et ext\u00e9rieurs, ainsi que la gestion de projet.<\/p>\n\t\t\t\t\t\t\t\t<\/div>\n\t\t\t\t<\/div>\n\t\t\t\t\t<\/div>\n\t\t<\/div>\n\t\t\t\t<div class=\"elementor-column elementor-col-50 elementor-top-column elementor-element elementor-element-d4b7f51\" data-id=\"d4b7f51\" data-element_type=\"column\" data-e-type=\"column\">\n\t\t\t<div class=\"elementor-widget-wrap elementor-element-populated\">\n\t\t\t\t\t\t<div class=\"elementor-element elementor-element-c92afed elementor-widget elementor-widget-image\" data-id=\"c92afed\" data-element_type=\"widget\" data-e-type=\"widget\" data-widget_type=\"image.default\">\n\t\t\t\t<div class=\"elementor-widget-container\">\n\t\t\t\t\t\t\t\t\t\t\t\t\t\t\t<img decoding=\"async\" width=\"800\" height=\"533\" src=\"https:\/\/fogliettaconstruction.com\/wp-content\/uploads\/2023\/08\/14290174-5-243836549-1024x682.jpg\" class=\"attachment-large size-large wp-image-171\" alt=\"\" srcset=\"https:\/\/fogliettaconstruction.com\/wp-content\/uploads\/2023\/08\/14290174-5-243836549-1024x682.jpg 1024w, https:\/\/fogliettaconstruction.com\/wp-content\/uploads\/2023\/08\/14290174-5-243836549-300x200.jpg 300w, https:\/\/fogliettaconstruction.com\/wp-content\/uploads\/2023\/08\/14290174-5-243836549-768x512.jpg 768w, https:\/\/fogliettaconstruction.com\/wp-content\/uploads\/2023\/08\/14290174-5-243836549.jpg 1439w\" sizes=\"(max-width: 800px) 100vw, 800px\" \/>\t\t\t\t\t\t\t\t\t\t\t\t\t\t\t<\/div>\n\t\t\t\t<\/div>\n\t\t\t\t\t<\/div>\n\t\t<\/div>\n\t\t\t\t\t<\/div>\n\t\t<\/section>\n\t\t\t\t<section class=\"elementor-section elementor-top-section elementor-element elementor-element-0a8e0c3 elementor-reverse-mobile elementor-section-boxed elementor-section-height-default elementor-section-height-default\" data-id=\"0a8e0c3\" data-element_type=\"section\" data-e-type=\"section\">\n\t\t\t\t\t\t<div class=\"elementor-container elementor-column-gap-wider\">\n\t\t\t\t\t<div class=\"elementor-column elementor-col-50 elementor-top-column elementor-element elementor-element-e70d886\" data-id=\"e70d886\" data-element_type=\"column\" data-e-type=\"column\">\n\t\t\t<div class=\"elementor-widget-wrap elementor-element-populated\">\n\t\t\t\t\t\t<div class=\"elementor-element elementor-element-1c72bde elementor-widget elementor-widget-image\" data-id=\"1c72bde\" data-element_type=\"widget\" data-e-type=\"widget\" data-widget_type=\"image.default\">\n\t\t\t\t<div class=\"elementor-widget-container\">\n\t\t\t\t\t\t\t\t\t\t\t\t\t\t\t<img loading=\"lazy\" decoding=\"async\" width=\"800\" height=\"566\" src=\"https:\/\/fogliettaconstruction.com\/wp-content\/uploads\/2023\/08\/14290174-45-243836589-1024x724.jpg\" class=\"attachment-large size-large wp-image-175\" alt=\"\" srcset=\"https:\/\/fogliettaconstruction.com\/wp-content\/uploads\/2023\/08\/14290174-45-243836589-1024x724.jpg 1024w, https:\/\/fogliettaconstruction.com\/wp-content\/uploads\/2023\/08\/14290174-45-243836589-300x212.jpg 300w, https:\/\/fogliettaconstruction.com\/wp-content\/uploads\/2023\/08\/14290174-45-243836589-768x543.jpg 768w, https:\/\/fogliettaconstruction.com\/wp-content\/uploads\/2023\/08\/14290174-45-243836589.jpg 1193w\" sizes=\"(max-width: 800px) 100vw, 800px\" \/>\t\t\t\t\t\t\t\t\t\t\t\t\t\t\t<\/div>\n\t\t\t\t<\/div>\n\t\t\t\t\t<\/div>\n\t\t<\/div>\n\t\t\t\t<div class=\"elementor-column elementor-col-50 elementor-top-column elementor-element elementor-element-dc68924\" data-id=\"dc68924\" data-element_type=\"column\" data-e-type=\"column\">\n\t\t\t<div class=\"elementor-widget-wrap elementor-element-populated\">\n\t\t\t\t\t\t<div class=\"elementor-element elementor-element-499aad1 elementor-widget elementor-widget-heading\" data-id=\"499aad1\" data-element_type=\"widget\" data-e-type=\"widget\" data-widget_type=\"heading.default\">\n\t\t\t\t<div class=\"elementor-widget-container\">\n\t\t\t\t\t<h2 class=\"elementor-heading-title elementor-size-default\">Services commerciaux et industriels&nbsp;:<\/h2>\t\t\t\t<\/div>\n\t\t\t\t<\/div>\n\t\t\t\t<div class=\"elementor-element elementor-element-288a757 elementor-widget elementor-widget-text-editor\" data-id=\"288a757\" data-element_type=\"widget\" data-e-type=\"widget\" data-widget_type=\"text-editor.default\">\n\t\t\t\t<div class=\"elementor-widget-container\">\n\t\t\t\t\t\t\t\t\t<p>Foglietta Construction poss\u00e8de une exp\u00e9rience vari\u00e9e dans les march\u00e9s commerciaux et industriels. Nous continuons de servir les propri\u00e9taires d\u2019immeubles commerciaux et d\u2019investissement avec notre service cl\u00e9 en main de haute qualit\u00e9 sur de nombreux projets. Notre expertise s&rsquo;\u00e9tend \u00e9galement aux projets d&rsquo;\u00e9coles priv\u00e9es, de r\u00e9novation de bureaux, d&rsquo;entretien et de r\u00e9paration de b\u00e2timents et de r\u00e9novations g\u00e9n\u00e9rales.<\/p>\n\t\t\t\t\t\t\t\t<\/div>\n\t\t\t\t<\/div>\n\t\t\t\t\t<\/div>\n\t\t<\/div>\n\t\t\t\t\t<\/div>\n\t\t<\/section>\n\t\t\t\t<\/div>\n\t\t","protected":false},"excerpt":{"rendered":"<p>Nos services R\u00e9sidentiel, Commercial, Industriel &#8211; Commercial &#8211; &#8211; Industriel &#8211; Au service des gestionnaires immobiliers commerciaux et d&rsquo;investissement \u00c9coles priv\u00e9es R\u00e9novations de bureaux Entretien et r\u00e9parations des b\u00e2timents R\u00e9novations g\u00e9n\u00e9rales Gestion de projet &#8211; R\u00e9sidentiel &#8211; R\u00e9novations compl\u00e8tes de la maison Ajouts et extensions Gestion de projet Cuisines Salles de bains Int\u00e9rieur et ext\u00e9rieur [&hellip;]<\/p>\n","protected":false},"author":1,"featured_media":0,"parent":0,"menu_order":0,"comment_status":"closed","ping_status":"closed","template":"","meta":{"footnotes":""},"class_list":["post-193","page","type-page","status-publish","hentry"],"_links":{"self":[{"href":"https:\/\/fogliettaconstruction.com\/fr\/wp-json\/wp\/v2\/pages\/193","targetHints":{"allow":["GET"]}}],"collection":[{"href":"https:\/\/fogliettaconstruction.com\/fr\/wp-json\/wp\/v2\/pages"}],"about":[{"href":"https:\/\/fogliettaconstruction.com\/fr\/wp-json\/wp\/v2\/types\/page"}],"author":[{"embeddable":true,"href":"https:\/\/fogliettaconstruction.com\/fr\/wp-json\/wp\/v2\/users\/1"}],"replies":[{"embeddable":true,"href":"https:\/\/fogliettaconstruction.com\/fr\/wp-json\/wp\/v2\/comments?post=193"}],"version-history":[{"count":3,"href":"https:\/\/fogliettaconstruction.com\/fr\/wp-json\/wp\/v2\/pages\/193\/revisions"}],"predecessor-version":[{"id":196,"href":"https:\/\/fogliettaconstruction.com\/fr\/wp-json\/wp\/v2\/pages\/193\/revisions\/196"}],"wp:attachment":[{"href":"https:\/\/fogliettaconstruction.com\/fr\/wp-json\/wp\/v2\/media?parent=193"}],"curies":[{"name":"wp","href":"https:\/\/api.w.org\/{rel}","templated":true}]}}