{"id":177,"date":"2023-08-09T10:45:04","date_gmt":"2023-08-09T14:45:04","guid":{"rendered":"https:\/\/fogliettaconstruction.com\/a-propos-de\/"},"modified":"2023-12-04T13:06:24","modified_gmt":"2023-12-04T18:06:24","slug":"a-propos-de","status":"publish","type":"page","link":"https:\/\/fogliettaconstruction.com\/fr\/a-propos-de\/","title":{"rendered":"A propos de"},"content":{"rendered":"\t\t<div data-elementor-type=\"wp-page\" data-elementor-id=\"177\" class=\"elementor elementor-177 elementor-81\" data-elementor-post-type=\"page\">\n\t\t\t\t\t\t<section class=\"elementor-section elementor-top-section elementor-element elementor-element-2b1521b elementor-section-height-min-height elementor-section-boxed elementor-section-height-default elementor-section-items-middle\" data-id=\"2b1521b\" data-element_type=\"section\" data-e-type=\"section\" data-settings=\"{&quot;background_background&quot;:&quot;video&quot;,&quot;background_video_link&quot;:&quot;http:\\\/\\\/cedricl18.sg-host.com\\\/wp-content\\\/uploads\\\/2023\\\/06\\\/construction-worker-QZRT9YP.mov&quot;,&quot;background_play_on_mobile&quot;:&quot;yes&quot;}\">\n\t\t\t\t\t\t\t\t<div class=\"elementor-background-video-container\">\n\t\t\t\t\t\t\t\t\t\t\t\t\t<video class=\"elementor-background-video-hosted\" role=\"presentation\" autoplay muted playsinline loop><\/video>\n\t\t\t\t\t\t\t\t\t\t\t<\/div>\n\t\t\t\t\t\t\t\t\t<div class=\"elementor-background-overlay\"><\/div>\n\t\t\t\t\t\t\t<div class=\"elementor-container elementor-column-gap-default\">\n\t\t\t\t\t<div class=\"elementor-column elementor-col-100 elementor-top-column elementor-element elementor-element-14ec202\" data-id=\"14ec202\" data-element_type=\"column\" data-e-type=\"column\">\n\t\t\t<div class=\"elementor-widget-wrap elementor-element-populated\">\n\t\t\t\t\t\t<div class=\"elementor-element elementor-element-dc2ca5c elementor-widget elementor-widget-heading\" data-id=\"dc2ca5c\" data-element_type=\"widget\" data-e-type=\"widget\" data-widget_type=\"heading.default\">\n\t\t\t\t<div class=\"elementor-widget-container\">\n\t\t\t\t\t<h1 class=\"elementor-heading-title elementor-size-default\">Notre histoire<\/h1>\t\t\t\t<\/div>\n\t\t\t\t<\/div>\n\t\t\t\t<div class=\"elementor-element elementor-element-14d7b9b elementor-widget elementor-widget-heading\" data-id=\"14d7b9b\" data-element_type=\"widget\" data-e-type=\"widget\" data-widget_type=\"heading.default\">\n\t\t\t\t<div class=\"elementor-widget-container\">\n\t\t\t\t\t<h4 class=\"elementor-heading-title elementor-size-default\">Foglietta Construction, d\u00e9j\u00e0 30 ans et toujours \u00e0 votre service.\n\n<\/h4>\t\t\t\t<\/div>\n\t\t\t\t<\/div>\n\t\t\t\t\t<\/div>\n\t\t<\/div>\n\t\t\t\t\t<\/div>\n\t\t<\/section>\n\t\t\t\t<section class=\"elementor-section elementor-top-section elementor-element elementor-element-2c1582b elementor-section-height-min-height elementor-section-boxed elementor-section-height-default elementor-section-items-middle\" data-id=\"2c1582b\" data-element_type=\"section\" data-e-type=\"section\">\n\t\t\t\t\t\t<div class=\"elementor-container elementor-column-gap-default\">\n\t\t\t\t\t<div class=\"elementor-column elementor-col-100 elementor-top-column elementor-element elementor-element-2f181ac\" data-id=\"2f181ac\" data-element_type=\"column\" data-e-type=\"column\">\n\t\t\t<div class=\"elementor-widget-wrap elementor-element-populated\">\n\t\t\t\t\t\t<div class=\"elementor-element elementor-element-8594db0 elementor-widget elementor-widget-heading\" data-id=\"8594db0\" data-element_type=\"widget\" data-e-type=\"widget\" data-widget_type=\"heading.default\">\n\t\t\t\t<div class=\"elementor-widget-container\">\n\t\t\t\t\t<h2 class=\"elementor-heading-title elementor-size-default\">\u00c0 propos de nous\n\n<\/h2>\t\t\t\t<\/div>\n\t\t\t\t<\/div>\n\t\t\t\t<div class=\"elementor-element elementor-element-2483751 elementor-widget elementor-widget-text-editor\" data-id=\"2483751\" data-element_type=\"widget\" data-e-type=\"widget\" data-widget_type=\"text-editor.default\">\n\t\t\t\t<div class=\"elementor-widget-container\">\n\t\t\t\t\t\t\t\t\tChez Foglietta Construction, nous fournissons des solutions de r\u00e9novation et de construction \u00e0 notre fid\u00e8le client\u00e8le depuis plus de 30 ans. Forts de notre exp\u00e9rience sur les march\u00e9s r\u00e9sidentiel, commercial et industriel, nous offrons un service cl\u00e9 en main pour tous les types de projets. L&rsquo;accent mis sur le professionnalisme, le d\u00e9tail et la fiabilit\u00e9 nous a permis de fournir un service de haute qualit\u00e9, ax\u00e9 sur la concr\u00e9tisation de la vision de nos clients. Nous sommes convaincus que l&rsquo;\u00e9tablissement de relations solides avec nos clients nous permet d&rsquo;adapter nos services au caract\u00e8re unique de chaque projet et de veiller \u00e0 ce qu&rsquo;ils soient r\u00e9alis\u00e9s de la mani\u00e8re la plus harmonieuse possible.\n\n\t\t\t\t\t\t\t\t<\/div>\n\t\t\t\t<\/div>\n\t\t\t\t\t<\/div>\n\t\t<\/div>\n\t\t\t\t\t<\/div>\n\t\t<\/section>\n\t\t\t\t<section class=\"elementor-section elementor-top-section elementor-element elementor-element-54daac2 elementor-section-height-min-height elementor-section-boxed elementor-section-height-default elementor-section-items-middle\" data-id=\"54daac2\" data-element_type=\"section\" data-e-type=\"section\" data-settings=\"{&quot;background_background&quot;:&quot;classic&quot;}\">\n\t\t\t\t\t\t<div class=\"elementor-container elementor-column-gap-default\">\n\t\t\t\t\t<div class=\"elementor-column elementor-col-100 elementor-top-column elementor-element elementor-element-2fa7703\" data-id=\"2fa7703\" data-element_type=\"column\" data-e-type=\"column\">\n\t\t\t<div class=\"elementor-widget-wrap elementor-element-populated\">\n\t\t\t\t\t\t<div class=\"elementor-element elementor-element-41bc1a7 elementor-widget elementor-widget-heading\" data-id=\"41bc1a7\" data-element_type=\"widget\" data-e-type=\"widget\" data-widget_type=\"heading.default\">\n\t\t\t\t<div class=\"elementor-widget-container\">\n\t\t\t\t\t<h2 class=\"elementor-heading-title elementor-size-default\">Notre \u00e9quipe\n<\/h2>\t\t\t\t<\/div>\n\t\t\t\t<\/div>\n\t\t\t\t<div class=\"elementor-element elementor-element-ac49638 elementor-widget elementor-widget-text-editor\" data-id=\"ac49638\" data-element_type=\"widget\" data-e-type=\"widget\" data-widget_type=\"text-editor.default\">\n\t\t\t\t<div class=\"elementor-widget-container\">\n\t\t\t\t\t\t\t\t\tFoglietta Construction est dirig\u00e9e par les fr\u00e8res John et Roberto Foglietta, qui mettent \u00e0 profit leurs 50 ann\u00e9es d&rsquo;exp\u00e9rience et de connaissances pour g\u00e9rer chaque projet. Notre \u00e9quipe veille \u00e0 ce que tous les projets, quelle que soit leur taille, b\u00e9n\u00e9ficient de la m\u00eame attention aux d\u00e9tails et d&rsquo;un travail de haute qualit\u00e9. Foglietta Construction s&rsquo;enorgueillit \u00e9galement de faire appel \u00e0 des sous-traitants professionnels haut de gamme \u00e9prouv\u00e9s et fiables pour r\u00e9pondre aux exigences de chaque projet.\n\n\t\t\t\t\t\t\t\t<\/div>\n\t\t\t\t<\/div>\n\t\t\t\t<div class=\"elementor-element elementor-element-d270ae7 elementor-widget elementor-widget-spacer\" data-id=\"d270ae7\" data-element_type=\"widget\" data-e-type=\"widget\" data-widget_type=\"spacer.default\">\n\t\t\t\t<div class=\"elementor-widget-container\">\n\t\t\t\t\t\t\t<div class=\"elementor-spacer\">\n\t\t\t<div class=\"elementor-spacer-inner\"><\/div>\n\t\t<\/div>\n\t\t\t\t\t\t<\/div>\n\t\t\t\t<\/div>\n\t\t\t\t<div class=\"elementor-element elementor-element-4c088c6 elementor-widget elementor-widget-heading\" data-id=\"4c088c6\" data-element_type=\"widget\" data-e-type=\"widget\" data-widget_type=\"heading.default\">\n\t\t\t\t<div class=\"elementor-widget-container\">\n\t\t\t\t\t<h2 class=\"elementor-heading-title elementor-size-default\">John Foglietta<\/h2>\t\t\t\t<\/div>\n\t\t\t\t<\/div>\n\t\t\t\t<div class=\"elementor-element elementor-element-bdb8ee4 elementor-widget elementor-widget-text-editor\" data-id=\"bdb8ee4\" data-element_type=\"widget\" data-e-type=\"widget\" data-widget_type=\"text-editor.default\">\n\t\t\t\t<div class=\"elementor-widget-container\">\n\t\t\t\t\t\t\t\t\t<p>johnf@fogliettagroup.com<\/p>\n\t\t\t\t\t\t\t\t<\/div>\n\t\t\t\t<\/div>\n\t\t\t\t<div class=\"elementor-element elementor-element-0da74ff elementor-widget elementor-widget-heading\" data-id=\"0da74ff\" data-element_type=\"widget\" data-e-type=\"widget\" data-widget_type=\"heading.default\">\n\t\t\t\t<div class=\"elementor-widget-container\">\n\t\t\t\t\t<h2 class=\"elementor-heading-title elementor-size-default\">Roberto Foglietta<\/h2>\t\t\t\t<\/div>\n\t\t\t\t<\/div>\n\t\t\t\t<div class=\"elementor-element elementor-element-deedaad elementor-widget elementor-widget-text-editor\" data-id=\"deedaad\" data-element_type=\"widget\" data-e-type=\"widget\" data-widget_type=\"text-editor.default\">\n\t\t\t\t<div class=\"elementor-widget-container\">\n\t\t\t\t\t\t\t\t\t<p>roberto@fogliettagroup.com<\/p>\n\t\t\t\t\t\t\t\t<\/div>\n\t\t\t\t<\/div>\n\t\t\t\t\t<\/div>\n\t\t<\/div>\n\t\t\t\t\t<\/div>\n\t\t<\/section>\n\t\t\t\t<section class=\"elementor-section elementor-top-section elementor-element elementor-element-91e7175 elementor-section-full_width elementor-section-stretched elementor-section-height-default elementor-section-height-default\" data-id=\"91e7175\" data-element_type=\"section\" data-e-type=\"section\" data-settings=\"{&quot;stretch_section&quot;:&quot;section-stretched&quot;}\">\n\t\t\t\t\t\t<div class=\"elementor-container elementor-column-gap-no\">\n\t\t\t\t\t<div class=\"elementor-column elementor-col-50 elementor-top-column elementor-element elementor-element-2e4450b\" data-id=\"2e4450b\" data-element_type=\"column\" data-e-type=\"column\">\n\t\t\t<div class=\"elementor-widget-wrap elementor-element-populated\">\n\t\t\t\t\t\t<div class=\"elementor-element elementor-element-3f3dc10 elementor-widget elementor-widget-heading\" data-id=\"3f3dc10\" data-element_type=\"widget\" data-e-type=\"widget\" data-widget_type=\"heading.default\">\n\t\t\t\t<div class=\"elementor-widget-container\">\n\t\t\t\t\t<h2 class=\"elementor-heading-title elementor-size-default\">BUREAU<\/h2>\t\t\t\t<\/div>\n\t\t\t\t<\/div>\n\t\t\t\t<div class=\"elementor-element elementor-element-1decd61 elementor-widget elementor-widget-text-editor\" data-id=\"1decd61\" data-element_type=\"widget\" data-e-type=\"widget\" data-widget_type=\"text-editor.default\">\n\t\t\t\t<div class=\"elementor-widget-container\">\n\t\t\t\t\t\t\t\t\t7326 Sherbrooke ouest, suite  <br>102, Montr\u00e9al, Qc, H4B 1R7\n\n<br>(514) 486-8382\t\t\t\t\t\t\t\t<\/div>\n\t\t\t\t<\/div>\n\t\t\t\t\t<\/div>\n\t\t<\/div>\n\t\t\t\t<div class=\"elementor-column elementor-col-50 elementor-top-column elementor-element elementor-element-9090176\" data-id=\"9090176\" data-element_type=\"column\" data-e-type=\"column\" data-settings=\"{&quot;background_background&quot;:&quot;classic&quot;}\">\n\t\t\t<div class=\"elementor-widget-wrap elementor-element-populated\">\n\t\t\t\t\t\t<div class=\"elementor-element elementor-element-f07522f elementor-widget elementor-widget-image\" data-id=\"f07522f\" data-element_type=\"widget\" data-e-type=\"widget\" data-widget_type=\"image.default\">\n\t\t\t\t<div class=\"elementor-widget-container\">\n\t\t\t\t\t\t\t\t\t\t\t\t\t\t\t<img fetchpriority=\"high\" decoding=\"async\" width=\"2560\" height=\"1440\" src=\"https:\/\/fogliettaconstruction.com\/wp-content\/uploads\/2023\/08\/0F2A1139-scaled-1.jpg\" class=\"attachment-full size-full wp-image-172\" alt=\"\" srcset=\"https:\/\/fogliettaconstruction.com\/wp-content\/uploads\/2023\/08\/0F2A1139-scaled-1.jpg 2560w, https:\/\/fogliettaconstruction.com\/wp-content\/uploads\/2023\/08\/0F2A1139-scaled-1-300x169.jpg 300w, https:\/\/fogliettaconstruction.com\/wp-content\/uploads\/2023\/08\/0F2A1139-scaled-1-1024x576.jpg 1024w, https:\/\/fogliettaconstruction.com\/wp-content\/uploads\/2023\/08\/0F2A1139-scaled-1-768x432.jpg 768w, https:\/\/fogliettaconstruction.com\/wp-content\/uploads\/2023\/08\/0F2A1139-scaled-1-1536x864.jpg 1536w, https:\/\/fogliettaconstruction.com\/wp-content\/uploads\/2023\/08\/0F2A1139-scaled-1-2048x1152.jpg 2048w\" sizes=\"(max-width: 2560px) 100vw, 2560px\" \/>\t\t\t\t\t\t\t\t\t\t\t\t\t\t\t<\/div>\n\t\t\t\t<\/div>\n\t\t\t\t\t<\/div>\n\t\t<\/div>\n\t\t\t\t\t<\/div>\n\t\t<\/section>\n\t\t\t\t<\/div>\n\t\t","protected":false},"excerpt":{"rendered":"<p>Notre histoire Foglietta Construction, d\u00e9j\u00e0 30 ans et toujours \u00e0 votre service. \u00c0 propos de nous Chez Foglietta Construction, nous fournissons des solutions de r\u00e9novation et de construction \u00e0 notre fid\u00e8le client\u00e8le depuis plus de 30 ans. Forts de notre exp\u00e9rience sur les march\u00e9s r\u00e9sidentiel, commercial et industriel, nous offrons un service cl\u00e9 en main [&hellip;]<\/p>\n","protected":false},"author":1,"featured_media":0,"parent":0,"menu_order":0,"comment_status":"closed","ping_status":"closed","template":"","meta":{"footnotes":""},"class_list":["post-177","page","type-page","status-publish","hentry"],"_links":{"self":[{"href":"https:\/\/fogliettaconstruction.com\/fr\/wp-json\/wp\/v2\/pages\/177","targetHints":{"allow":["GET"]}}],"collection":[{"href":"https:\/\/fogliettaconstruction.com\/fr\/wp-json\/wp\/v2\/pages"}],"about":[{"href":"https:\/\/fogliettaconstruction.com\/fr\/wp-json\/wp\/v2\/types\/page"}],"author":[{"embeddable":true,"href":"https:\/\/fogliettaconstruction.com\/fr\/wp-json\/wp\/v2\/users\/1"}],"replies":[{"embeddable":true,"href":"https:\/\/fogliettaconstruction.com\/fr\/wp-json\/wp\/v2\/comments?post=177"}],"version-history":[{"count":10,"href":"https:\/\/fogliettaconstruction.com\/fr\/wp-json\/wp\/v2\/pages\/177\/revisions"}],"predecessor-version":[{"id":200,"href":"https:\/\/fogliettaconstruction.com\/fr\/wp-json\/wp\/v2\/pages\/177\/revisions\/200"}],"wp:attachment":[{"href":"https:\/\/fogliettaconstruction.com\/fr\/wp-json\/wp\/v2\/media?parent=177"}],"curies":[{"name":"wp","href":"https:\/\/api.w.org\/{rel}","templated":true}]}}